{"id":1183,"date":"2025-03-26T15:07:48","date_gmt":"2025-03-26T14:07:48","guid":{"rendered":"https:\/\/www.yumesushi.cat\/?page_id=1183"},"modified":"2025-04-01T09:08:47","modified_gmt":"2025-04-01T07:08:47","slug":"regala-yume","status":"publish","type":"page","link":"https:\/\/www.yumesushi.cat\/es\/regala-yume\/","title":{"rendered":"Regala Yume"},"content":{"rendered":"\t\t<div data-elementor-type=\"wp-page\" data-elementor-id=\"1183\" class=\"elementor elementor-1183 elementor-514\" data-elementor-post-type=\"page\">\n\t\t\t\t<div class=\"elementor-element elementor-element-0cdef48 e-flex e-con-boxed e-con e-parent\" data-id=\"0cdef48\" data-element_type=\"container\">\n\t\t\t\t\t<div class=\"e-con-inner\">\n\t\t\t\t<div class=\"elementor-element elementor-element-f5efd6e elementor-widget elementor-widget-heading\" data-id=\"f5efd6e\" data-element_type=\"widget\" data-widget_type=\"heading.default\">\n\t\t\t\t<div class=\"elementor-widget-container\">\n\t\t\t\t\t<h1 class=\"elementor-heading-title elementor-size-default\"><span class=\"color-accent\">Regala<\/span> Yume<\/h1>\t\t\t\t<\/div>\n\t\t\t\t<\/div>\n\t\t\t\t<div class=\"elementor-element elementor-element-a76230c elementor-widget__width-initial elementor-widget elementor-widget-text-editor\" data-id=\"a76230c\" data-element_type=\"widget\" data-widget_type=\"text-editor.default\">\n\t\t\t\t<div class=\"elementor-widget-container\">\n\t\t\t\t\t\t\t\t\t<p>Descobreix els nostres Xecs Regal, el detall perfecte per als amants de la cuina japonesa. Regala una experi\u00e8ncia inoblidable de sushi a Yume Sushi. Ideal per a aniversaris, celebracions o qualsevol ocasi\u00f3 especial, sorpr\u00e8n els teus amics i familiars amb sabors japonesos aut\u00e8ntics.<\/p>\t\t\t\t\t\t\t\t<\/div>\n\t\t\t\t<\/div>\n\t\t\t\t\t<\/div>\n\t\t\t\t<\/div>\n\t\t<div class=\"elementor-element elementor-element-3f9b8b5 e-flex e-con-boxed e-con e-parent\" data-id=\"3f9b8b5\" data-element_type=\"container\">\n\t\t\t\t\t<div class=\"e-con-inner\">\n\t\t<div class=\"elementor-element elementor-element-b3f1d30 e-con-full e-flex e-con e-child\" data-id=\"b3f1d30\" data-element_type=\"container\" data-settings=\"{&quot;background_background&quot;:&quot;classic&quot;}\">\n\t\t\t\t<\/div>\n\t\t\t\t\t<\/div>\n\t\t\t\t<\/div>\n\t\t\t\t<\/div>\n\t\t","protected":false},"excerpt":{"rendered":"<p>Regala Yume Descobreix els nostres Xecs Regal, el detall perfecte per als amants de la cuina japonesa. Regala una experi\u00e8ncia inoblidable de sushi a Yume Sushi. Ideal per a aniversaris, celebracions o qualsevol ocasi\u00f3 especial, sorpr\u00e8n els teus amics i familiars amb sabors japonesos aut\u00e8ntics.<\/p>\n","protected":false},"author":1,"featured_media":0,"parent":0,"menu_order":0,"comment_status":"closed","ping_status":"closed","template":"","meta":{"_acf_changed":false,"footnotes":""},"class_list":["post-1183","page","type-page","status-publish","hentry"],"acf":[],"yoast_head":"<!-- This site is optimized with the Yoast SEO plugin v26.2 - https:\/\/yoast.com\/wordpress\/plugins\/seo\/ -->\n<title>Regala Yume - Yume Sushi &amp; Oysters<\/title>\n<meta name=\"robots\" content=\"index, follow, max-snippet:-1, max-image-preview:large, max-video-preview:-1\" \/>\n<link rel=\"canonical\" href=\"https:\/\/www.yumesushi.cat\/es\/regala-yume\/\" \/>\n<meta property=\"og:locale\" content=\"es_ES\" \/>\n<meta property=\"og:type\" content=\"article\" \/>\n<meta property=\"og:title\" content=\"Regala Yume - Yume Sushi &amp; Oysters\" \/>\n<meta property=\"og:description\" content=\"Regala Yume Descobreix els nostres Xecs Regal, el detall perfecte per als amants de la cuina japonesa. Regala una experi\u00e8ncia inoblidable de sushi a Yume Sushi. Ideal per a aniversaris, celebracions o qualsevol ocasi\u00f3 especial, sorpr\u00e8n els teus amics i familiars amb sabors japonesos aut\u00e8ntics.\" \/>\n<meta property=\"og:url\" content=\"https:\/\/www.yumesushi.cat\/es\/regala-yume\/\" \/>\n<meta property=\"og:site_name\" content=\"Yume Sushi &amp; Oysters\" \/>\n<meta property=\"article:modified_time\" content=\"2025-04-01T07:08:47+00:00\" \/>\n<meta name=\"twitter:card\" content=\"summary_large_image\" \/>\n<meta name=\"twitter:label1\" content=\"Tiempo de lectura\" \/>\n\t<meta name=\"twitter:data1\" content=\"1 minuto\" \/>\n<script type=\"application\/ld+json\" class=\"yoast-schema-graph\">{\"@context\":\"https:\/\/schema.org\",\"@graph\":[{\"@type\":\"WebPage\",\"@id\":\"https:\/\/www.yumesushi.cat\/es\/regala-yume\/\",\"url\":\"https:\/\/www.yumesushi.cat\/es\/regala-yume\/\",\"name\":\"Regala Yume - Yume Sushi &amp; Oysters\",\"isPartOf\":{\"@id\":\"https:\/\/www.yumesushi.cat\/#website\"},\"datePublished\":\"2025-03-26T14:07:48+00:00\",\"dateModified\":\"2025-04-01T07:08:47+00:00\",\"breadcrumb\":{\"@id\":\"https:\/\/www.yumesushi.cat\/es\/regala-yume\/#breadcrumb\"},\"inLanguage\":\"es\",\"potentialAction\":[{\"@type\":\"ReadAction\",\"target\":[\"https:\/\/www.yumesushi.cat\/es\/regala-yume\/\"]}]},{\"@type\":\"BreadcrumbList\",\"@id\":\"https:\/\/www.yumesushi.cat\/es\/regala-yume\/#breadcrumb\",\"itemListElement\":[{\"@type\":\"ListItem\",\"position\":1,\"name\":\"Portada\",\"item\":\"https:\/\/www.yumesushi.cat\/es\/\"},{\"@type\":\"ListItem\",\"position\":2,\"name\":\"Regala Yume\"}]},{\"@type\":\"WebSite\",\"@id\":\"https:\/\/www.yumesushi.cat\/#website\",\"url\":\"https:\/\/www.yumesushi.cat\/\",\"name\":\"Yume Sushi &amp; Oysters\",\"description\":\"\",\"publisher\":{\"@id\":\"https:\/\/www.yumesushi.cat\/#organization\"},\"potentialAction\":[{\"@type\":\"SearchAction\",\"target\":{\"@type\":\"EntryPoint\",\"urlTemplate\":\"https:\/\/www.yumesushi.cat\/?s={search_term_string}\"},\"query-input\":{\"@type\":\"PropertyValueSpecification\",\"valueRequired\":true,\"valueName\":\"search_term_string\"}}],\"inLanguage\":\"es\"},{\"@type\":\"Organization\",\"@id\":\"https:\/\/www.yumesushi.cat\/#organization\",\"name\":\"Yume Sushi &amp; Oysters\",\"url\":\"https:\/\/www.yumesushi.cat\/\",\"logo\":{\"@type\":\"ImageObject\",\"inLanguage\":\"es\",\"@id\":\"https:\/\/www.yumesushi.cat\/#\/schema\/logo\/image\/\",\"url\":\"https:\/\/www.yumesushi.cat\/wp-content\/uploads\/2025\/03\/logo-yume.svg\",\"contentUrl\":\"https:\/\/www.yumesushi.cat\/wp-content\/uploads\/2025\/03\/logo-yume.svg\",\"width\":105,\"height\":71,\"caption\":\"Yume Sushi &amp; Oysters\"},\"image\":{\"@id\":\"https:\/\/www.yumesushi.cat\/#\/schema\/logo\/image\/\"}}]}<\/script>\n<!-- \/ Yoast SEO plugin. -->","yoast_head_json":{"title":"Regala Yume - Yume Sushi &amp; Oysters","robots":{"index":"index","follow":"follow","max-snippet":"max-snippet:-1","max-image-preview":"max-image-preview:large","max-video-preview":"max-video-preview:-1"},"canonical":"https:\/\/www.yumesushi.cat\/es\/regala-yume\/","og_locale":"es_ES","og_type":"article","og_title":"Regala Yume - Yume Sushi &amp; Oysters","og_description":"Regala Yume Descobreix els nostres Xecs Regal, el detall perfecte per als amants de la cuina japonesa. Regala una experi\u00e8ncia inoblidable de sushi a Yume Sushi. Ideal per a aniversaris, celebracions o qualsevol ocasi\u00f3 especial, sorpr\u00e8n els teus amics i familiars amb sabors japonesos aut\u00e8ntics.","og_url":"https:\/\/www.yumesushi.cat\/es\/regala-yume\/","og_site_name":"Yume Sushi &amp; Oysters","article_modified_time":"2025-04-01T07:08:47+00:00","twitter_card":"summary_large_image","twitter_misc":{"Tiempo de lectura":"1 minuto"},"schema":{"@context":"https:\/\/schema.org","@graph":[{"@type":"WebPage","@id":"https:\/\/www.yumesushi.cat\/es\/regala-yume\/","url":"https:\/\/www.yumesushi.cat\/es\/regala-yume\/","name":"Regala Yume - Yume Sushi &amp; Oysters","isPartOf":{"@id":"https:\/\/www.yumesushi.cat\/#website"},"datePublished":"2025-03-26T14:07:48+00:00","dateModified":"2025-04-01T07:08:47+00:00","breadcrumb":{"@id":"https:\/\/www.yumesushi.cat\/es\/regala-yume\/#breadcrumb"},"inLanguage":"es","potentialAction":[{"@type":"ReadAction","target":["https:\/\/www.yumesushi.cat\/es\/regala-yume\/"]}]},{"@type":"BreadcrumbList","@id":"https:\/\/www.yumesushi.cat\/es\/regala-yume\/#breadcrumb","itemListElement":[{"@type":"ListItem","position":1,"name":"Portada","item":"https:\/\/www.yumesushi.cat\/es\/"},{"@type":"ListItem","position":2,"name":"Regala Yume"}]},{"@type":"WebSite","@id":"https:\/\/www.yumesushi.cat\/#website","url":"https:\/\/www.yumesushi.cat\/","name":"Yume Sushi &amp; Oysters","description":"","publisher":{"@id":"https:\/\/www.yumesushi.cat\/#organization"},"potentialAction":[{"@type":"SearchAction","target":{"@type":"EntryPoint","urlTemplate":"https:\/\/www.yumesushi.cat\/?s={search_term_string}"},"query-input":{"@type":"PropertyValueSpecification","valueRequired":true,"valueName":"search_term_string"}}],"inLanguage":"es"},{"@type":"Organization","@id":"https:\/\/www.yumesushi.cat\/#organization","name":"Yume Sushi &amp; Oysters","url":"https:\/\/www.yumesushi.cat\/","logo":{"@type":"ImageObject","inLanguage":"es","@id":"https:\/\/www.yumesushi.cat\/#\/schema\/logo\/image\/","url":"https:\/\/www.yumesushi.cat\/wp-content\/uploads\/2025\/03\/logo-yume.svg","contentUrl":"https:\/\/www.yumesushi.cat\/wp-content\/uploads\/2025\/03\/logo-yume.svg","width":105,"height":71,"caption":"Yume Sushi &amp; Oysters"},"image":{"@id":"https:\/\/www.yumesushi.cat\/#\/schema\/logo\/image\/"}}]}},"_links":{"self":[{"href":"https:\/\/www.yumesushi.cat\/es\/wp-json\/wp\/v2\/pages\/1183","targetHints":{"allow":["GET"]}}],"collection":[{"href":"https:\/\/www.yumesushi.cat\/es\/wp-json\/wp\/v2\/pages"}],"about":[{"href":"https:\/\/www.yumesushi.cat\/es\/wp-json\/wp\/v2\/types\/page"}],"author":[{"embeddable":true,"href":"https:\/\/www.yumesushi.cat\/es\/wp-json\/wp\/v2\/users\/1"}],"replies":[{"embeddable":true,"href":"https:\/\/www.yumesushi.cat\/es\/wp-json\/wp\/v2\/comments?post=1183"}],"version-history":[{"count":1,"href":"https:\/\/www.yumesushi.cat\/es\/wp-json\/wp\/v2\/pages\/1183\/revisions"}],"predecessor-version":[{"id":1184,"href":"https:\/\/www.yumesushi.cat\/es\/wp-json\/wp\/v2\/pages\/1183\/revisions\/1184"}],"wp:attachment":[{"href":"https:\/\/www.yumesushi.cat\/es\/wp-json\/wp\/v2\/media?parent=1183"}],"curies":[{"name":"wp","href":"https:\/\/api.w.org\/{rel}","templated":true}]}}