{"id":1066,"date":"2025-03-26T15:10:29","date_gmt":"2025-03-26T14:10:29","guid":{"rendered":"https:\/\/www.yumesushi.cat\/?page_id=1066"},"modified":"2025-05-20T15:26:09","modified_gmt":"2025-05-20T13:26:09","slug":"trabaja-con-nosotros","status":"publish","type":"page","link":"https:\/\/www.yumesushi.cat\/es\/trabaja-con-nosotros\/","title":{"rendered":"\u00danete a Yume"},"content":{"rendered":"\t\t<div data-elementor-type=\"wp-page\" data-elementor-id=\"1066\" class=\"elementor elementor-1066 elementor-519\" data-elementor-post-type=\"page\">\n\t\t\t\t<div class=\"elementor-element elementor-element-0cdef48 e-flex e-con-boxed e-con e-parent\" data-id=\"0cdef48\" data-element_type=\"container\">\n\t\t\t\t\t<div class=\"e-con-inner\">\n\t\t\t\t<div class=\"elementor-element elementor-element-f5efd6e elementor-widget__width-initial elementor-widget elementor-widget-heading\" data-id=\"f5efd6e\" data-element_type=\"widget\" data-widget_type=\"heading.default\">\n\t\t\t\t<div class=\"elementor-widget-container\">\n\t\t\t\t\t<h1 class=\"elementor-heading-title elementor-size-default\"><span class=\"color-accent\">\u00danete<\/span> a nuestro equipo!<\/h1>\t\t\t\t<\/div>\n\t\t\t\t<\/div>\n\t\t\t\t<div class=\"elementor-element elementor-element-a76230c elementor-widget__width-initial elementor-widget elementor-widget-text-editor\" data-id=\"a76230c\" data-element_type=\"widget\" data-widget_type=\"text-editor.default\">\n\t\t\t\t<div class=\"elementor-widget-container\">\n\t\t\t\t\t\t\t\t\t<p>Buscamos personas apasionadas por la gastronom\u00eda japonesa.<\/p><p>Cocinero\/a | Ayudante de cocina | Chef de sushi | Ayudante de sushi | Camarero\/a | Recepcionista | Ayudante de sala | Bartender.<\/p><p>Env\u00edanos tu CV haciendo clic a continuaci\u00f3n.<\/p>\t\t\t\t\t\t\t\t<\/div>\n\t\t\t\t<\/div>\n\t\t\t\t\t<\/div>\n\t\t\t\t<\/div>\n\t\t<div class=\"elementor-element elementor-element-3f9b8b5 e-flex e-con-boxed e-con e-parent\" data-id=\"3f9b8b5\" data-element_type=\"container\" data-settings=\"{&quot;background_background&quot;:&quot;classic&quot;}\">\n\t\t\t\t\t<div class=\"e-con-inner\">\n\t\t<div class=\"elementor-element elementor-element-dfb2ca3 e-con-full e-flex e-con e-child\" data-id=\"dfb2ca3\" data-element_type=\"container\" data-settings=\"{&quot;background_background&quot;:&quot;classic&quot;}\">\n\t\t\t\t<div class=\"elementor-element elementor-element-e44775d elementor-widget elementor-widget-heading\" data-id=\"e44775d\" data-element_type=\"widget\" data-widget_type=\"heading.default\">\n\t\t\t\t<div class=\"elementor-widget-container\">\n\t\t\t\t\t<h2 class=\"elementor-heading-title elementor-size-default\">Env\u00edanos tu curr\u00edculum<\/h2>\t\t\t\t<\/div>\n\t\t\t\t<\/div>\n\t\t\t\t<div class=\"elementor-element elementor-element-489680e elementor-button-align-start form-contact elementor-widget elementor-widget-form\" data-id=\"489680e\" data-element_type=\"widget\" data-settings=\"{&quot;step_next_label&quot;:&quot;Next&quot;,&quot;step_previous_label&quot;:&quot;Previous&quot;,&quot;button_width&quot;:&quot;100&quot;,&quot;step_type&quot;:&quot;number_text&quot;,&quot;step_icon_shape&quot;:&quot;circle&quot;}\" data-widget_type=\"form.default\">\n\t\t\t\t<div class=\"elementor-widget-container\">\n\t\t\t\t\t\t\t<form class=\"elementor-form\" method=\"post\" name=\"Contacte\" aria-label=\"Contacte\">\n\t\t\t<input type=\"hidden\" name=\"post_id\" value=\"1066\"\/>\n\t\t\t<input type=\"hidden\" name=\"form_id\" value=\"489680e\"\/>\n\t\t\t<input type=\"hidden\" name=\"referer_title\" value=\"\u00danete a Yume - Yume Sushi &amp; Oysters\" \/>\n\n\t\t\t\t\t\t\t<input type=\"hidden\" name=\"queried_id\" value=\"1066\"\/>\n\t\t\t\n\t\t\t<div class=\"elementor-form-fields-wrapper elementor-labels-\">\n\t\t\t\t\t\t\t\t<div class=\"elementor-field-type-text elementor-field-group elementor-column elementor-field-group-name elementor-col-100 elementor-field-required\">\n\t\t\t\t\t\t\t\t\t\t\t\t<label for=\"form-field-name\" class=\"elementor-field-label elementor-screen-only\">\n\t\t\t\t\t\t\t\tNom\t\t\t\t\t\t\t<\/label>\n\t\t\t\t\t\t\t\t\t\t\t\t\t\t<input size=\"1\" type=\"text\" name=\"form_fields[name]\" id=\"form-field-name\" class=\"elementor-field elementor-size-sm  elementor-field-textual\" placeholder=\"Tu nombre*\" required=\"required\">\n\t\t\t\t\t\t\t\t\t\t\t<\/div>\n\t\t\t\t\t\t\t\t<div class=\"elementor-field-type-email elementor-field-group elementor-column elementor-field-group-email elementor-col-100 elementor-field-required\">\n\t\t\t\t\t\t\t\t\t\t\t\t<label for=\"form-field-email\" class=\"elementor-field-label elementor-screen-only\">\n\t\t\t\t\t\t\t\tCorreu electr\u00f2nic\t\t\t\t\t\t\t<\/label>\n\t\t\t\t\t\t\t\t\t\t\t\t\t\t<input size=\"1\" type=\"email\" name=\"form_fields[email]\" id=\"form-field-email\" class=\"elementor-field elementor-size-sm  elementor-field-textual\" placeholder=\"Tu email*\" required=\"required\">\n\t\t\t\t\t\t\t\t\t\t\t<\/div>\n\t\t\t\t\t\t\t\t<div class=\"elementor-field-type-upload elementor-field-group elementor-column elementor-field-group-field_939fe52 elementor-col-100 elementor-field-required\">\n\t\t\t\t\t\t\t\t\t\t\t\t<label for=\"form-field-field_939fe52\" class=\"elementor-field-label elementor-screen-only\">\n\t\t\t\t\t\t\t\tCV:\t\t\t\t\t\t\t<\/label>\n\t\t\t\t\t\t\t\t<input type=\"file\" name=\"form_fields[field_939fe52]\" id=\"form-field-field_939fe52\" class=\"elementor-field elementor-size-sm  elementor-upload-field\" required=\"required\" data-maxsize=\"8\" data-maxsize-message=\"Este archivo excede el tama\u00f1o m\u00e1ximo permitido.\">\n\n\t\t\t\t\t\t<\/div>\n\t\t\t\t\t\t\t\t<div class=\"elementor-field-type-acceptance elementor-field-group elementor-column elementor-field-group-field_894e167 elementor-col-100 elementor-field-required\">\n\t\t\t\t\t\t\t\t\t\t\t\t<label for=\"form-field-field_894e167\" class=\"elementor-field-label elementor-screen-only\">\n\t\t\t\t\t\t\t\tGDPR\t\t\t\t\t\t\t<\/label>\n\t\t\t\t\t\t\t\t<div class=\"elementor-field-subgroup\">\n\t\t\t<span class=\"elementor-field-option\">\n\t\t\t\t<input type=\"checkbox\" name=\"form_fields[field_894e167]\" id=\"form-field-field_894e167\" class=\"elementor-field elementor-size-sm  elementor-acceptance-field\" required=\"required\">\n\t\t\t\t<label for=\"form-field-field_894e167\">He le\u00eddo y acepto la <a href=\"https:\/\/www.yumesushi.cat\/es\/politica-privacidad\/\" target=\"_blank\">pol\u00edtica de privacitat<\/a>.<\/label>\t\t\t<\/span>\n\t\t<\/div>\n\t\t\t\t\t\t<\/div>\n\t\t\t\t\t\t\t\t<div class=\"elementor-field-group elementor-column elementor-field-type-submit elementor-col-100 e-form__buttons\">\n\t\t\t\t\t<button class=\"elementor-button elementor-size-sm\" type=\"submit\">\n\t\t\t\t\t\t<span class=\"elementor-button-content-wrapper\">\n\t\t\t\t\t\t\t\t\t\t\t\t\t\t\t\t\t\t\t\t\t\t<span class=\"elementor-button-text\">Enviar<\/span>\n\t\t\t\t\t\t\t\t\t\t\t\t\t<\/span>\n\t\t\t\t\t<\/button>\n\t\t\t\t<\/div>\n\t\t\t<\/div>\n\t\t<\/form>\n\t\t\t\t\t\t<\/div>\n\t\t\t\t<\/div>\n\t\t\t\t<\/div>\n\t\t\t\t\t<\/div>\n\t\t\t\t<\/div>\n\t\t\t\t<\/div>\n\t\t","protected":false},"excerpt":{"rendered":"<p>\u00danete a nuestro equipo! Buscamos personas apasionadas por la gastronom\u00eda japonesa. Cocinero\/a | Ayudante de cocina | Chef de sushi | Ayudante de sushi | Camarero\/a | Recepcionista | Ayudante de sala | Bartender. Env\u00edanos tu CV haciendo clic a continuaci\u00f3n. Env\u00edanos tu curr\u00edculum<\/p>\n","protected":false},"author":1,"featured_media":0,"parent":0,"menu_order":0,"comment_status":"closed","ping_status":"closed","template":"","meta":{"_acf_changed":false,"footnotes":""},"class_list":["post-1066","page","type-page","status-publish","hentry"],"acf":[],"yoast_head":"<!-- This site is optimized with the Yoast SEO plugin v26.2 - https:\/\/yoast.com\/wordpress\/plugins\/seo\/ -->\n<title>\u00danete a Yume - Yume Sushi &amp; Oysters<\/title>\n<meta name=\"robots\" content=\"index, follow, max-snippet:-1, max-image-preview:large, max-video-preview:-1\" \/>\n<link rel=\"canonical\" href=\"https:\/\/www.yumesushi.cat\/es\/trabaja-con-nosotros\/\" \/>\n<meta property=\"og:locale\" content=\"es_ES\" \/>\n<meta property=\"og:type\" content=\"article\" \/>\n<meta property=\"og:title\" content=\"\u00danete a Yume - Yume Sushi &amp; Oysters\" \/>\n<meta property=\"og:description\" content=\"\u00danete a nuestro equipo! Buscamos personas apasionadas por la gastronom\u00eda japonesa. Cocinero\/a | Ayudante de cocina | Chef de sushi | Ayudante de sushi | Camarero\/a | Recepcionista | Ayudante de sala | Bartender. Env\u00edanos tu CV haciendo clic a continuaci\u00f3n. Env\u00edanos tu curr\u00edculum\" \/>\n<meta property=\"og:url\" content=\"https:\/\/www.yumesushi.cat\/es\/trabaja-con-nosotros\/\" \/>\n<meta property=\"og:site_name\" content=\"Yume Sushi &amp; Oysters\" \/>\n<meta property=\"article:modified_time\" content=\"2025-05-20T13:26:09+00:00\" \/>\n<meta name=\"twitter:card\" content=\"summary_large_image\" \/>\n<meta name=\"twitter:label1\" content=\"Tiempo de lectura\" \/>\n\t<meta name=\"twitter:data1\" content=\"1 minuto\" \/>\n<script type=\"application\/ld+json\" class=\"yoast-schema-graph\">{\"@context\":\"https:\/\/schema.org\",\"@graph\":[{\"@type\":\"WebPage\",\"@id\":\"https:\/\/www.yumesushi.cat\/es\/trabaja-con-nosotros\/\",\"url\":\"https:\/\/www.yumesushi.cat\/es\/trabaja-con-nosotros\/\",\"name\":\"\u00danete a Yume - Yume Sushi &amp; Oysters\",\"isPartOf\":{\"@id\":\"https:\/\/www.yumesushi.cat\/#website\"},\"datePublished\":\"2025-03-26T14:10:29+00:00\",\"dateModified\":\"2025-05-20T13:26:09+00:00\",\"breadcrumb\":{\"@id\":\"https:\/\/www.yumesushi.cat\/es\/trabaja-con-nosotros\/#breadcrumb\"},\"inLanguage\":\"es\",\"potentialAction\":[{\"@type\":\"ReadAction\",\"target\":[\"https:\/\/www.yumesushi.cat\/es\/trabaja-con-nosotros\/\"]}]},{\"@type\":\"BreadcrumbList\",\"@id\":\"https:\/\/www.yumesushi.cat\/es\/trabaja-con-nosotros\/#breadcrumb\",\"itemListElement\":[{\"@type\":\"ListItem\",\"position\":1,\"name\":\"Portada\",\"item\":\"https:\/\/www.yumesushi.cat\/es\/\"},{\"@type\":\"ListItem\",\"position\":2,\"name\":\"\u00danete a Yume\"}]},{\"@type\":\"WebSite\",\"@id\":\"https:\/\/www.yumesushi.cat\/#website\",\"url\":\"https:\/\/www.yumesushi.cat\/\",\"name\":\"Yume Sushi &amp; Oysters\",\"description\":\"\",\"publisher\":{\"@id\":\"https:\/\/www.yumesushi.cat\/#organization\"},\"potentialAction\":[{\"@type\":\"SearchAction\",\"target\":{\"@type\":\"EntryPoint\",\"urlTemplate\":\"https:\/\/www.yumesushi.cat\/?s={search_term_string}\"},\"query-input\":{\"@type\":\"PropertyValueSpecification\",\"valueRequired\":true,\"valueName\":\"search_term_string\"}}],\"inLanguage\":\"es\"},{\"@type\":\"Organization\",\"@id\":\"https:\/\/www.yumesushi.cat\/#organization\",\"name\":\"Yume Sushi &amp; Oysters\",\"url\":\"https:\/\/www.yumesushi.cat\/\",\"logo\":{\"@type\":\"ImageObject\",\"inLanguage\":\"es\",\"@id\":\"https:\/\/www.yumesushi.cat\/#\/schema\/logo\/image\/\",\"url\":\"https:\/\/www.yumesushi.cat\/wp-content\/uploads\/2025\/03\/logo-yume.svg\",\"contentUrl\":\"https:\/\/www.yumesushi.cat\/wp-content\/uploads\/2025\/03\/logo-yume.svg\",\"width\":105,\"height\":71,\"caption\":\"Yume Sushi &amp; Oysters\"},\"image\":{\"@id\":\"https:\/\/www.yumesushi.cat\/#\/schema\/logo\/image\/\"}}]}<\/script>\n<!-- \/ Yoast SEO plugin. -->","yoast_head_json":{"title":"\u00danete a Yume - Yume Sushi &amp; Oysters","robots":{"index":"index","follow":"follow","max-snippet":"max-snippet:-1","max-image-preview":"max-image-preview:large","max-video-preview":"max-video-preview:-1"},"canonical":"https:\/\/www.yumesushi.cat\/es\/trabaja-con-nosotros\/","og_locale":"es_ES","og_type":"article","og_title":"\u00danete a Yume - Yume Sushi &amp; Oysters","og_description":"\u00danete a nuestro equipo! Buscamos personas apasionadas por la gastronom\u00eda japonesa. Cocinero\/a | Ayudante de cocina | Chef de sushi | Ayudante de sushi | Camarero\/a | Recepcionista | Ayudante de sala | Bartender. Env\u00edanos tu CV haciendo clic a continuaci\u00f3n. Env\u00edanos tu curr\u00edculum","og_url":"https:\/\/www.yumesushi.cat\/es\/trabaja-con-nosotros\/","og_site_name":"Yume Sushi &amp; Oysters","article_modified_time":"2025-05-20T13:26:09+00:00","twitter_card":"summary_large_image","twitter_misc":{"Tiempo de lectura":"1 minuto"},"schema":{"@context":"https:\/\/schema.org","@graph":[{"@type":"WebPage","@id":"https:\/\/www.yumesushi.cat\/es\/trabaja-con-nosotros\/","url":"https:\/\/www.yumesushi.cat\/es\/trabaja-con-nosotros\/","name":"\u00danete a Yume - Yume Sushi &amp; Oysters","isPartOf":{"@id":"https:\/\/www.yumesushi.cat\/#website"},"datePublished":"2025-03-26T14:10:29+00:00","dateModified":"2025-05-20T13:26:09+00:00","breadcrumb":{"@id":"https:\/\/www.yumesushi.cat\/es\/trabaja-con-nosotros\/#breadcrumb"},"inLanguage":"es","potentialAction":[{"@type":"ReadAction","target":["https:\/\/www.yumesushi.cat\/es\/trabaja-con-nosotros\/"]}]},{"@type":"BreadcrumbList","@id":"https:\/\/www.yumesushi.cat\/es\/trabaja-con-nosotros\/#breadcrumb","itemListElement":[{"@type":"ListItem","position":1,"name":"Portada","item":"https:\/\/www.yumesushi.cat\/es\/"},{"@type":"ListItem","position":2,"name":"\u00danete a Yume"}]},{"@type":"WebSite","@id":"https:\/\/www.yumesushi.cat\/#website","url":"https:\/\/www.yumesushi.cat\/","name":"Yume Sushi &amp; Oysters","description":"","publisher":{"@id":"https:\/\/www.yumesushi.cat\/#organization"},"potentialAction":[{"@type":"SearchAction","target":{"@type":"EntryPoint","urlTemplate":"https:\/\/www.yumesushi.cat\/?s={search_term_string}"},"query-input":{"@type":"PropertyValueSpecification","valueRequired":true,"valueName":"search_term_string"}}],"inLanguage":"es"},{"@type":"Organization","@id":"https:\/\/www.yumesushi.cat\/#organization","name":"Yume Sushi &amp; Oysters","url":"https:\/\/www.yumesushi.cat\/","logo":{"@type":"ImageObject","inLanguage":"es","@id":"https:\/\/www.yumesushi.cat\/#\/schema\/logo\/image\/","url":"https:\/\/www.yumesushi.cat\/wp-content\/uploads\/2025\/03\/logo-yume.svg","contentUrl":"https:\/\/www.yumesushi.cat\/wp-content\/uploads\/2025\/03\/logo-yume.svg","width":105,"height":71,"caption":"Yume Sushi &amp; Oysters"},"image":{"@id":"https:\/\/www.yumesushi.cat\/#\/schema\/logo\/image\/"}}]}},"_links":{"self":[{"href":"https:\/\/www.yumesushi.cat\/es\/wp-json\/wp\/v2\/pages\/1066","targetHints":{"allow":["GET"]}}],"collection":[{"href":"https:\/\/www.yumesushi.cat\/es\/wp-json\/wp\/v2\/pages"}],"about":[{"href":"https:\/\/www.yumesushi.cat\/es\/wp-json\/wp\/v2\/types\/page"}],"author":[{"embeddable":true,"href":"https:\/\/www.yumesushi.cat\/es\/wp-json\/wp\/v2\/users\/1"}],"replies":[{"embeddable":true,"href":"https:\/\/www.yumesushi.cat\/es\/wp-json\/wp\/v2\/comments?post=1066"}],"version-history":[{"count":14,"href":"https:\/\/www.yumesushi.cat\/es\/wp-json\/wp\/v2\/pages\/1066\/revisions"}],"predecessor-version":[{"id":1731,"href":"https:\/\/www.yumesushi.cat\/es\/wp-json\/wp\/v2\/pages\/1066\/revisions\/1731"}],"wp:attachment":[{"href":"https:\/\/www.yumesushi.cat\/es\/wp-json\/wp\/v2\/media?parent=1066"}],"curies":[{"name":"wp","href":"https:\/\/api.w.org\/{rel}","templated":true}]}}